{"id":249,"date":"2025-06-04T09:42:44","date_gmt":"2025-06-04T13:42:44","guid":{"rendered":"https:\/\/weddingpalace.fr\/?page_id=249"},"modified":"2025-06-04T10:06:31","modified_gmt":"2025-06-04T14:06:31","slug":"salons-et-expos","status":"publish","type":"page","link":"https:\/\/weddingpalace.fr\/?page_id=249","title":{"rendered":"Salons et Expos"},"content":{"rendered":"\n<p>Rendez-vous au Salon Guadeloupe Expo du 4 au 8 juin 2025, au Palais des Sports du Gosier pour d\u00e9couvrir les d\u00e9fil\u00e9s de mode. <\/p>\n\n\n\n<p>Wedding Palace vous proposera un show \u00e0 ne pas manquer<\/p>\n\n\n\n<figure class=\"wp-block-gallery has-nested-images columns-default is-cropped wp-block-gallery-1 is-layout-flex wp-block-gallery-is-layout-flex\">\n<figure class=\"wp-block-image size-large\"><img loading=\"lazy\" decoding=\"async\" width=\"1024\" height=\"681\" data-id=\"256\" src=\"https:\/\/weddingpalace.fr\/wp-content\/uploads\/2025\/06\/DSC_0001-1024x681.jpg\" alt=\"\" class=\"wp-image-256\" srcset=\"https:\/\/weddingpalace.fr\/wp-content\/uploads\/2025\/06\/DSC_0001-1024x681.jpg 1024w, https:\/\/weddingpalace.fr\/wp-content\/uploads\/2025\/06\/DSC_0001-300x199.jpg 300w, https:\/\/weddingpalace.fr\/wp-content\/uploads\/2025\/06\/DSC_0001-768x511.jpg 768w, https:\/\/weddingpalace.fr\/wp-content\/uploads\/2025\/06\/DSC_0001-1536x1021.jpg 1536w, https:\/\/weddingpalace.fr\/wp-content\/uploads\/2025\/06\/DSC_0001-2048x1362.jpg 2048w\" sizes=\"auto, (max-width: 1024px) 100vw, 1024px\" \/><\/figure>\n\n\n\n<figure class=\"wp-block-image size-large\"><img loading=\"lazy\" decoding=\"async\" width=\"1024\" height=\"681\" data-id=\"257\" src=\"https:\/\/weddingpalace.fr\/wp-content\/uploads\/2025\/06\/DSC_0003-1024x681.jpg\" alt=\"\" class=\"wp-image-257\" srcset=\"https:\/\/weddingpalace.fr\/wp-content\/uploads\/2025\/06\/DSC_0003-1024x681.jpg 1024w, https:\/\/weddingpalace.fr\/wp-content\/uploads\/2025\/06\/DSC_0003-300x199.jpg 300w, https:\/\/weddingpalace.fr\/wp-content\/uploads\/2025\/06\/DSC_0003-768x511.jpg 768w, https:\/\/weddingpalace.fr\/wp-content\/uploads\/2025\/06\/DSC_0003-1536x1021.jpg 1536w, https:\/\/weddingpalace.fr\/wp-content\/uploads\/2025\/06\/DSC_0003-2048x1362.jpg 2048w\" sizes=\"auto, (max-width: 1024px) 100vw, 1024px\" \/><\/figure>\n\n\n\n<figure class=\"wp-block-image size-large\"><img loading=\"lazy\" decoding=\"async\" width=\"1024\" height=\"681\" data-id=\"258\" src=\"https:\/\/weddingpalace.fr\/wp-content\/uploads\/2025\/06\/DSC_0008-1024x681.jpg\" alt=\"\" class=\"wp-image-258\" srcset=\"https:\/\/weddingpalace.fr\/wp-content\/uploads\/2025\/06\/DSC_0008-1024x681.jpg 1024w, https:\/\/weddingpalace.fr\/wp-content\/uploads\/2025\/06\/DSC_0008-300x199.jpg 300w, https:\/\/weddingpalace.fr\/wp-content\/uploads\/2025\/06\/DSC_0008-768x511.jpg 768w, https:\/\/weddingpalace.fr\/wp-content\/uploads\/2025\/06\/DSC_0008-1536x1021.jpg 1536w, https:\/\/weddingpalace.fr\/wp-content\/uploads\/2025\/06\/DSC_0008-2048x1362.jpg 2048w\" sizes=\"auto, (max-width: 1024px) 100vw, 1024px\" \/><\/figure>\n<\/figure>\n","protected":false},"excerpt":{"rendered":"<p>Rendez-vous au Salon Guadeloupe Expo du 4 au 8 juin 2025, au Palais des Sports du Gosier pour d\u00e9couvrir les d\u00e9fil\u00e9s de mode. Wedding Palace vous proposera un show \u00e0 ne pas manquer<\/p>\n","protected":false},"author":1,"featured_media":0,"parent":0,"menu_order":0,"comment_status":"closed","ping_status":"closed","template":"","meta":{"footnotes":""},"class_list":["post-249","page","type-page","status-publish","hentry"],"yoast_head":"<!-- This site is optimized with the Yoast SEO plugin v22.8 - https:\/\/yoast.com\/wordpress\/plugins\/seo\/ -->\n<title>Salons et Expos - Wedding Palace<\/title>\n<meta name=\"robots\" content=\"index, follow, max-snippet:-1, max-image-preview:large, max-video-preview:-1\" \/>\n<link rel=\"canonical\" href=\"https:\/\/weddingpalace.fr\/?page_id=249\" \/>\n<meta property=\"og:locale\" content=\"fr_FR\" \/>\n<meta property=\"og:type\" content=\"article\" \/>\n<meta property=\"og:title\" content=\"Salons et Expos - Wedding Palace\" \/>\n<meta property=\"og:description\" content=\"Rendez-vous au Salon Guadeloupe Expo du 4 au 8 juin 2025, au Palais des Sports du Gosier pour d\u00e9couvrir les d\u00e9fil\u00e9s de mode. Wedding Palace vous proposera un show \u00e0 ne pas manquer\" \/>\n<meta property=\"og:url\" content=\"https:\/\/weddingpalace.fr\/?page_id=249\" \/>\n<meta property=\"og:site_name\" content=\"Wedding Palace\" \/>\n<meta property=\"article:modified_time\" content=\"2025-06-04T14:06:31+00:00\" \/>\n<meta property=\"og:image\" content=\"https:\/\/weddingpalace.fr\/wp-content\/uploads\/2025\/06\/DSC_0001-1024x681.jpg\" \/>\n<meta name=\"twitter:card\" content=\"summary_large_image\" \/>\n<meta name=\"twitter:label1\" content=\"Dur\u00e9e de lecture estim\u00e9e\" \/>\n\t<meta name=\"twitter:data1\" content=\"1 minute\" \/>\n<script type=\"application\/ld+json\" class=\"yoast-schema-graph\">{\"@context\":\"https:\/\/schema.org\",\"@graph\":[{\"@type\":\"WebPage\",\"@id\":\"https:\/\/weddingpalace.fr\/?page_id=249\",\"url\":\"https:\/\/weddingpalace.fr\/?page_id=249\",\"name\":\"Salons et Expos - Wedding Palace\",\"isPartOf\":{\"@id\":\"https:\/\/weddingpalace.fr\/#website\"},\"primaryImageOfPage\":{\"@id\":\"https:\/\/weddingpalace.fr\/?page_id=249#primaryimage\"},\"image\":{\"@id\":\"https:\/\/weddingpalace.fr\/?page_id=249#primaryimage\"},\"thumbnailUrl\":\"https:\/\/weddingpalace.fr\/wp-content\/uploads\/2025\/06\/DSC_0001-1024x681.jpg\",\"datePublished\":\"2025-06-04T13:42:44+00:00\",\"dateModified\":\"2025-06-04T14:06:31+00:00\",\"breadcrumb\":{\"@id\":\"https:\/\/weddingpalace.fr\/?page_id=249#breadcrumb\"},\"inLanguage\":\"fr-FR\",\"potentialAction\":[{\"@type\":\"ReadAction\",\"target\":[\"https:\/\/weddingpalace.fr\/?page_id=249\"]}]},{\"@type\":\"ImageObject\",\"inLanguage\":\"fr-FR\",\"@id\":\"https:\/\/weddingpalace.fr\/?page_id=249#primaryimage\",\"url\":\"https:\/\/weddingpalace.fr\/wp-content\/uploads\/2025\/06\/DSC_0001-scaled.jpg\",\"contentUrl\":\"https:\/\/weddingpalace.fr\/wp-content\/uploads\/2025\/06\/DSC_0001-scaled.jpg\",\"width\":2560,\"height\":1702},{\"@type\":\"BreadcrumbList\",\"@id\":\"https:\/\/weddingpalace.fr\/?page_id=249#breadcrumb\",\"itemListElement\":[{\"@type\":\"ListItem\",\"position\":1,\"name\":\"Accueil\",\"item\":\"https:\/\/weddingpalace.fr\/\"},{\"@type\":\"ListItem\",\"position\":2,\"name\":\"Salons et Expos\"}]},{\"@type\":\"WebSite\",\"@id\":\"https:\/\/weddingpalace.fr\/#website\",\"url\":\"https:\/\/weddingpalace.fr\/\",\"name\":\"Wedding Palace\",\"description\":\"Organisateur de Mariage\",\"potentialAction\":[{\"@type\":\"SearchAction\",\"target\":{\"@type\":\"EntryPoint\",\"urlTemplate\":\"https:\/\/weddingpalace.fr\/?s={search_term_string}\"},\"query-input\":\"required name=search_term_string\"}],\"inLanguage\":\"fr-FR\"}]}<\/script>\n<!-- \/ Yoast SEO plugin. -->","yoast_head_json":{"title":"Salons et Expos - Wedding Palace","robots":{"index":"index","follow":"follow","max-snippet":"max-snippet:-1","max-image-preview":"max-image-preview:large","max-video-preview":"max-video-preview:-1"},"canonical":"https:\/\/weddingpalace.fr\/?page_id=249","og_locale":"fr_FR","og_type":"article","og_title":"Salons et Expos - Wedding Palace","og_description":"Rendez-vous au Salon Guadeloupe Expo du 4 au 8 juin 2025, au Palais des Sports du Gosier pour d\u00e9couvrir les d\u00e9fil\u00e9s de mode. Wedding Palace vous proposera un show \u00e0 ne pas manquer","og_url":"https:\/\/weddingpalace.fr\/?page_id=249","og_site_name":"Wedding Palace","article_modified_time":"2025-06-04T14:06:31+00:00","og_image":[{"url":"https:\/\/weddingpalace.fr\/wp-content\/uploads\/2025\/06\/DSC_0001-1024x681.jpg"}],"twitter_card":"summary_large_image","twitter_misc":{"Dur\u00e9e de lecture estim\u00e9e":"1 minute"},"schema":{"@context":"https:\/\/schema.org","@graph":[{"@type":"WebPage","@id":"https:\/\/weddingpalace.fr\/?page_id=249","url":"https:\/\/weddingpalace.fr\/?page_id=249","name":"Salons et Expos - Wedding Palace","isPartOf":{"@id":"https:\/\/weddingpalace.fr\/#website"},"primaryImageOfPage":{"@id":"https:\/\/weddingpalace.fr\/?page_id=249#primaryimage"},"image":{"@id":"https:\/\/weddingpalace.fr\/?page_id=249#primaryimage"},"thumbnailUrl":"https:\/\/weddingpalace.fr\/wp-content\/uploads\/2025\/06\/DSC_0001-1024x681.jpg","datePublished":"2025-06-04T13:42:44+00:00","dateModified":"2025-06-04T14:06:31+00:00","breadcrumb":{"@id":"https:\/\/weddingpalace.fr\/?page_id=249#breadcrumb"},"inLanguage":"fr-FR","potentialAction":[{"@type":"ReadAction","target":["https:\/\/weddingpalace.fr\/?page_id=249"]}]},{"@type":"ImageObject","inLanguage":"fr-FR","@id":"https:\/\/weddingpalace.fr\/?page_id=249#primaryimage","url":"https:\/\/weddingpalace.fr\/wp-content\/uploads\/2025\/06\/DSC_0001-scaled.jpg","contentUrl":"https:\/\/weddingpalace.fr\/wp-content\/uploads\/2025\/06\/DSC_0001-scaled.jpg","width":2560,"height":1702},{"@type":"BreadcrumbList","@id":"https:\/\/weddingpalace.fr\/?page_id=249#breadcrumb","itemListElement":[{"@type":"ListItem","position":1,"name":"Accueil","item":"https:\/\/weddingpalace.fr\/"},{"@type":"ListItem","position":2,"name":"Salons et Expos"}]},{"@type":"WebSite","@id":"https:\/\/weddingpalace.fr\/#website","url":"https:\/\/weddingpalace.fr\/","name":"Wedding Palace","description":"Organisateur de Mariage","potentialAction":[{"@type":"SearchAction","target":{"@type":"EntryPoint","urlTemplate":"https:\/\/weddingpalace.fr\/?s={search_term_string}"},"query-input":"required name=search_term_string"}],"inLanguage":"fr-FR"}]}},"_links":{"self":[{"href":"https:\/\/weddingpalace.fr\/index.php?rest_route=\/wp\/v2\/pages\/249","targetHints":{"allow":["GET"]}}],"collection":[{"href":"https:\/\/weddingpalace.fr\/index.php?rest_route=\/wp\/v2\/pages"}],"about":[{"href":"https:\/\/weddingpalace.fr\/index.php?rest_route=\/wp\/v2\/types\/page"}],"author":[{"embeddable":true,"href":"https:\/\/weddingpalace.fr\/index.php?rest_route=\/wp\/v2\/users\/1"}],"replies":[{"embeddable":true,"href":"https:\/\/weddingpalace.fr\/index.php?rest_route=%2Fwp%2Fv2%2Fcomments&post=249"}],"version-history":[{"count":5,"href":"https:\/\/weddingpalace.fr\/index.php?rest_route=\/wp\/v2\/pages\/249\/revisions"}],"predecessor-version":[{"id":260,"href":"https:\/\/weddingpalace.fr\/index.php?rest_route=\/wp\/v2\/pages\/249\/revisions\/260"}],"wp:attachment":[{"href":"https:\/\/weddingpalace.fr\/index.php?rest_route=%2Fwp%2Fv2%2Fmedia&parent=249"}],"curies":[{"name":"wp","href":"https:\/\/api.w.org\/{rel}","templated":true}]}}